{"id":2949,"date":"2021-07-27T10:38:19","date_gmt":"2021-07-27T10:38:19","guid":{"rendered":"https:\/\/sklep.kingamila.com\/?page_id=2949"},"modified":"2021-08-02T16:58:44","modified_gmt":"2021-08-02T16:58:44","slug":"o-mnie","status":"publish","type":"page","link":"https:\/\/kingamila.com\/pl\/o-mnie\/","title":{"rendered":"O mnie"},"content":{"rendered":"<p>Kinga Mila, urodzona w Polsce, jest artystk\u0105 wizualn\u0105, dzia\u0142aj\u0105c\u0105 g\u0142\u00f3wnie w medium \u015bwiat\u0142a, obecnie zajmuj\u0105ca si\u0119 fotografi\u0105. W 2011 roku uko\u0144czy\u0142a kierunek Digital Media z wyr\u00f3\u017cnieniem w College of Fine Arts w Sydnej w Australii. W 2011 r. mia\u0142a wystaw\u0119 zbiorow\u0105 na Uniwersytecie Nowej Po\u0142udniowej Walii w Australii.<\/p>\n<p>Po Sydnej w 2012 roku sp\u0119dzi\u0142a trzy lata w Chinach, pracuj\u0105c artystycznie, aby poszerzy\u0107 sw\u00f3j szeroki wachlarz kreatywnych umiej\u0119tno\u015bci. Pobyt w Chinach mia\u0142 kolosalny wp\u0142yw na jej \u017cycie i od tego czasu ca\u0142kowicie przenios\u0142a swoj\u0105 uwag\u0119 w \u015bwiat sztuki. Kinga wykorzystuje swoje wyrafinowane rozumienie \u015bwiat\u0142a, aby tworzy\u0107 oryginalne, zawi\u0142e i autentyczne obrazy w specjalistycznych dziedzinach fotografii.<\/p>\n<p>Zajmuje si\u0119 \u015bwiat\u0142em zar\u00f3wno w sensie dos\u0142ownym, jak i figuratywnym, cz\u0119sto opracowuj\u0105c niestandardowe zestawy o\u015bwietleniowe dostosowane do w\u0142asnych, specyficznych potrzeb. Lubi \u0142\u0105czy\u0107 tradycyjne media, aby nadawa\u0107 im nowoczesny styl.<\/p>\n<p>B\u0119d\u0105c pod ogromnym wp\u0142ywem sztuki kola\u017cu, w szczeg\u00f3lno\u015bci dzie\u0142 dadaistycznej artystki, Hanny Hoch, Kinga rozwin\u0119\u0142a swoje nowoczesne podej\u015bcie do tej tradycyjnej formy sztuki poprzez po\u0142\u0105czenie wcze\u015bniej wykonanych zdj\u0119\u0107 i manipulowanie nimi w formie cyfrowej; Niemniej jednak, Kinga ponad wszystko preferuje i skupia si\u0119 na naturalnym pi\u0119knie i esencji sztuki fotografii takiej, w kt\u00f3rej trzonem jest namacalna praca tw\u00f3rcza bez potrzeby post produkcji i obr\u00f3bki cyfrowej. Wszystkie jej obecne prace, od 2017 r. oraz p\u00f3\u017aniejsze, to skrupulatne, kreatywne projekty bez u\u017cycia manipulacji komputerowej tudzie\u017c Photoshop\u2019a.<\/p>\n<p>Kinga jest obecnie zaanga\u017cowana w prac\u0119 nad kilkoma projektami artystycznymi.<\/p>\n<p>&nbsp;<\/p>\n<p>\u2026\u2026\u2026\u2026\u2026\u2026\u2026\u2026\u2026\u2026\u2026\u2026\u2026\u2026.<strong>Nagrody<\/strong><br \/>\n2011 \u2013 Turramurra Music \/\u00a0Yamaha Australia Nagroda za najlepszy d\u017awi\u0119kopis \u2013 D\u017awi\u0119kowy design\u00a0:\u00a0<a href=\"https:\/\/student.unsw.edu.au\/prizes-2011\" target=\"_blank\" rel=\"noopener\">Strona \u017ar\u00f3d\u0142owa \u2013 College Of Fine Arts ( COFA )<\/a><\/p>\n<p>&nbsp;<\/p>\n<p>\u2026\u2026\u2026\u2026\u2026\u2026\u2026\u2026\u2026\u2026\u2026\u2026\u2026\u2026.<strong>Wystawy<\/strong><br \/>\n2011 \u2013 College Of Fine Arts \u2013 Annual 2011 \u2013 grupowa wystawa \u2013 Sydnej Australia<br \/>\n2016 \u2013\u00a0Breath and Dust \u2013 The Hive Dalston \u2013 grupowa wystawa \u2013 Londyn UK :\u00a0<a href=\"https:\/\/hivedalston.wordpress.com\/breath-dust-exhibition\/\" target=\"_blank\" rel=\"noopener\">Strona \u017ar\u00f3d\u0142owa wystawy<\/a><\/p>\n","protected":false},"excerpt":{"rendered":"<p>Kinga Mila, urodzona w Polsce, jest artystk\u0105 wizualn\u0105, dzia\u0142aj\u0105c\u0105 g\u0142\u00f3wnie w medium \u015bwiat\u0142a, obecnie zajmuj\u0105ca si\u0119 fotografi\u0105. W 2011 roku uko\u0144czy\u0142a kierunek Digital Media z wyr\u00f3\u017cnieniem w College of Fine Arts w Sydnej w Australii. W 2011 r. mia\u0142a wystaw\u0119 zbiorow\u0105 na Uniwersytecie Nowej Po\u0142udniowej Walii w Australii. Po Sydnej w 2012 roku sp\u0119dzi\u0142a trzy [&hellip;]<\/p>\n","protected":false},"author":1,"featured_media":2905,"parent":0,"menu_order":0,"comment_status":"closed","ping_status":"closed","template":"","meta":{"_acf_changed":false,"footnotes":""},"class_list":["post-2949","page","type-page","status-publish","has-post-thumbnail","hentry"],"acf":[],"_links":{"self":[{"href":"https:\/\/kingamila.com\/pl\/wp-json\/wp\/v2\/pages\/2949","targetHints":{"allow":["GET"]}}],"collection":[{"href":"https:\/\/kingamila.com\/pl\/wp-json\/wp\/v2\/pages"}],"about":[{"href":"https:\/\/kingamila.com\/pl\/wp-json\/wp\/v2\/types\/page"}],"author":[{"embeddable":true,"href":"https:\/\/kingamila.com\/pl\/wp-json\/wp\/v2\/users\/1"}],"replies":[{"embeddable":true,"href":"https:\/\/kingamila.com\/pl\/wp-json\/wp\/v2\/comments?post=2949"}],"version-history":[{"count":6,"href":"https:\/\/kingamila.com\/pl\/wp-json\/wp\/v2\/pages\/2949\/revisions"}],"predecessor-version":[{"id":3039,"href":"https:\/\/kingamila.com\/pl\/wp-json\/wp\/v2\/pages\/2949\/revisions\/3039"}],"wp:featuredmedia":[{"embeddable":true,"href":"https:\/\/kingamila.com\/pl\/wp-json\/wp\/v2\/media\/2905"}],"wp:attachment":[{"href":"https:\/\/kingamila.com\/pl\/wp-json\/wp\/v2\/media?parent=2949"}],"curies":[{"name":"wp","href":"https:\/\/api.w.org\/{rel}","templated":true}]}}