{"id":3043,"date":"2021-08-02T17:04:06","date_gmt":"2021-08-02T17:04:06","guid":{"rendered":"https:\/\/sklep.kingamila.com\/?page_id=3043"},"modified":"2021-08-02T17:04:06","modified_gmt":"2021-08-02T17:04:06","slug":"wlasnosc-intelektualna-kingi-mila-ip-intellectual-property","status":"publish","type":"page","link":"https:\/\/kingamila.com\/pl\/wlasnosc-intelektualna-kingi-mila-ip-intellectual-property\/","title":{"rendered":"W\u0142asno\u015b\u0107 intelektualna Kingi Mila \u201eIP\u201d (Intellectual Property)"},"content":{"rendered":"<p>Ca\u0142a zawarto\u015b\u0107 strony internetowej Kingi Mila (sztuki pi\u0119kne, zdj\u0119cia, nazwy, ilustracje, logo, teksty, przedmioty na sprzeda\u017c, wiersze) jest w\u0142asno\u015bci\u0105 Kingi Mila i jest chroniona na mocy Ustawy o prawie autorskim z 1968 r. (Cth) oraz Ustawy o zmianie prawa autorskiego z 2006 r (Australia). Wszelkie cz\u0119\u015bciowe lub ca\u0142kowite powielanie tych tre\u015bci w jakikolwiek spos\u00f3b i na jakimkolwiek no\u015bniku wymaga uprzedniej i wyra\u017anej zgody Kinga Mila. Wszystkie informacje, tre\u015bci i pliki s\u0105 chronione prawem mi\u0119dzynarodowym dotycz\u0105cym w\u0142asno\u015bci intelektualnej i praw autorskich. Kinga Mila nie mo\u017ce udzieli\u0107 Tobie prawa do kopiowania, wy\u015bwietlania lub rozpowszechniania tre\u015bci, do kt\u00f3rych nie masz praw intelektualnych. Wszelkie oszustwa jak i wykorzystanie tre\u015bci Kinga Mila fArt Zone (dzie\u0142a Fine Art &#8211; Sztuki Pi\u0119kne), naruszaj\u0105ce prawa os\u00f3b trzecich, stanowi przest\u0119pstwo fa\u0142szerstwa, kt\u00f3re jest surowo karane na mocy Kodeksu W\u0142asno\u015bci Intelektualnej. Kinga Mila w \u017cadnym wypadku nie b\u0119dzie ponosi\u0107 odpowiedzialno\u015bci za naruszenie przez u\u017cytkownika praw przys\u0142uguj\u0105cych osobie trzeciej poprzez swoje dzia\u0142ania w serwisie.<\/p>\n","protected":false},"excerpt":{"rendered":"<p>Ca\u0142a zawarto\u015b\u0107 strony internetowej Kingi Mila (sztuki pi\u0119kne, zdj\u0119cia, nazwy, ilustracje, logo, teksty, przedmioty na sprzeda\u017c, wiersze) jest w\u0142asno\u015bci\u0105 Kingi Mila i jest chroniona na mocy Ustawy o prawie autorskim z 1968 r. (Cth) oraz Ustawy o zmianie prawa autorskiego z 2006 r (Australia). Wszelkie cz\u0119\u015bciowe lub ca\u0142kowite powielanie tych tre\u015bci w jakikolwiek spos\u00f3b i [&hellip;]<\/p>\n","protected":false},"author":1,"featured_media":0,"parent":0,"menu_order":0,"comment_status":"closed","ping_status":"closed","template":"","meta":{"_acf_changed":false,"footnotes":""},"class_list":["post-3043","page","type-page","status-publish","hentry"],"acf":[],"_links":{"self":[{"href":"https:\/\/kingamila.com\/pl\/wp-json\/wp\/v2\/pages\/3043","targetHints":{"allow":["GET"]}}],"collection":[{"href":"https:\/\/kingamila.com\/pl\/wp-json\/wp\/v2\/pages"}],"about":[{"href":"https:\/\/kingamila.com\/pl\/wp-json\/wp\/v2\/types\/page"}],"author":[{"embeddable":true,"href":"https:\/\/kingamila.com\/pl\/wp-json\/wp\/v2\/users\/1"}],"replies":[{"embeddable":true,"href":"https:\/\/kingamila.com\/pl\/wp-json\/wp\/v2\/comments?post=3043"}],"version-history":[{"count":1,"href":"https:\/\/kingamila.com\/pl\/wp-json\/wp\/v2\/pages\/3043\/revisions"}],"predecessor-version":[{"id":3044,"href":"https:\/\/kingamila.com\/pl\/wp-json\/wp\/v2\/pages\/3043\/revisions\/3044"}],"wp:attachment":[{"href":"https:\/\/kingamila.com\/pl\/wp-json\/wp\/v2\/media?parent=3043"}],"curies":[{"name":"wp","href":"https:\/\/api.w.org\/{rel}","templated":true}]}}